{"id":100,"date":"2019-05-23T18:00:38","date_gmt":"2019-05-23T16:00:38","guid":{"rendered":"http:\/\/www.clemana.net\/emmanuellefavard\/?page_id=100"},"modified":"2021-03-13T18:58:12","modified_gmt":"2021-03-13T17:58:12","slug":"expositions","status":"publish","type":"page","link":"http:\/\/www.clemana.net\/emmanuellefavard\/expositions\/","title":{"rendered":"Expositions"},"content":{"rendered":"\n<p class=\"has-text-align-left\">Vit et travaille \u00e0 Paris. Formation artistique et litt\u00e9raire.  Enseignante aux Ateliers du Carrousel, Mus\u00e9e des Arts d\u00e9coratifs. <\/p>\n\n\n\n<p><\/p>\n\n\n\n<table>\n<tbody><tr><td>2021<\/td>\n<td>Galerie du G\u00e9nie de la Bastille, Paris<\/td>\n\n<\/tr><\/tbody><tbody><tr><td>2020<\/td>\n<td>Itin\u00e9raires, Regards d\u2019encre &#8211; Art et Po\u00e9sie, Galerie \u00ab A l\u2019Ecu de France \u00bb,  Viroflay et Pavillon du Verdurier, Limoges.<\/td>\n<\/tr>\n<tr>\n<td>&nbsp;<\/td>\n<td>Rigueur, ramures, rayonnement : hiver, Galerie Laurence Mauguin, Paris\n<\/td>\n<\/tr>\n<tr><td>2019<\/td>\n<td>Itin\u00e9raires, Na\u00eetre D\u00e9na\u00eetre Rena\u00eetre, Paris, Mairie du 13e<\/td>\n<\/tr>\n<tr><td>2018<\/td>\n<td>Itin\u00e9raires, Pr\u00e9sences, Espace Christiane Peugeot, Paris<\/td>\n<\/tr>\n<tr>\n<td>&nbsp;<\/td>\n<td>Ateliers d\u2019artistes, Marseille\n<\/td>\n<\/tr>\n<tr>\n<td>&nbsp;<\/td>\n<td>Manufacture des \u0152illets, Ivry-sur-Seine\n<\/td>\n<\/tr>\n\n<tr>\n<td>2017<\/td>\n<td>Trames et plis, Galerie Laurence Mauguin, Paris<\/td>\n<\/tr>\n<tr>\n<td>2016<\/td>\n<td>Itin\u00e9raires, Bleue comme une orange, Galerie d\u2019Art contemporain, Auvers-sur-Oise<\/td>\n<\/tr>\n<tr>\n<td>2015<\/td>\n<td>Itin\u00e9raires, Fibres sensibles, La Cour des Arts, Tulle<\/td>\n<\/tr>\n<tr>\n<td>2014<\/td>\n<td>Espace Culturel Jean de Joigny, Joigny<\/td>\n<\/tr>\n<tr>\n<td>2013<\/td>\n<td>Galerie du Cardo, Reims<\/td>\n<\/tr>\n<tr>\n<td>2012<\/td>\n<td>Itin\u00e9raires, Cit\u00e9 Internationale des Arts, Paris&nbsp;<\/td>\n<\/tr>\n<tr>\n<td>&nbsp;<\/td>\n<td>Itin\u00e9raires, Peaux d\u2019\u00e2me, L\u2019Etappenstall <\/td>\n<\/tr>\n<tr>\n<td>&nbsp;<\/td>\n<td>R\u00e9alit\u00e9s Nouvelles<\/td>\n<\/tr>\n<tr>\n<td>2011<\/td>\n<td>R\u00e9alit\u00e9s Nouvelles<\/td>\n<\/tr>\n<tr>\n<td>2010<\/td>\n<td>R\u00e9alit\u00e9s Nouvelles<\/td>\n<\/tr>\n<tr>\n<td>&nbsp;<\/td>\n<td>Itin\u00e9raires, Galerie d\u2019art contemporain d\u2019Auvers-sur-Oise<\/td>\n<\/tr>\n<tr>\n<td>&nbsp;<\/td>\n<td>Centre culturel Les Parasols, Rungis<\/td>\n<\/tr>\n<tr>\n<td>2009<\/td>\n<td>R\u00e9alit\u00e9s Nouvelles<\/td>\n<\/tr>\n<tr>\n<td>&nbsp;<\/td>\n<td>Itin\u00e9raires, Paris, Mairie du 9e<\/td>\n<\/tr>\n<tr>\n<td>&nbsp;<\/td>\n<td>Itin\u00e9raires, Vestiaire, Espace Art et Libert\u00e9, Charenton-le-Pont<\/td>\n<\/tr>\n<tr>\n<td>2009<\/td>\n<td>Galerie Le Cube blanc, Paris<\/td>\n<\/tr>\n<tr>\n<td>2008<\/td>\n<td>Salon d\u2019Arts du Thymerais<\/td>\n<\/tr>\n<tr>\n<td><\/td>\n<td>R\u00e9alit\u00e9s Nouvelles<\/td>\n<\/tr>\n<tr>\n<td><\/td>\n<td>Circuit d\u2019art contemporain, Grizy-les-Pl\u00e2tres<\/td>\n<\/tr>\n<tr>\n<td>2007<\/td>\n<td>R\u00e9alit\u00e9s Nouvelles<\/td>\n<\/tr>\n<tr>\n<td>2006<\/td>\n<td>R\u00e9alit\u00e9s Nouvelles<\/td>\n<\/tr>\n<\/tbody>\n<\/table>\n","protected":false},"excerpt":{"rendered":"<p>Vit et travaille \u00e0 Paris. Formation artistique et litt\u00e9raire. Enseignante aux Ateliers du Carrousel, Mus\u00e9e des Arts d\u00e9coratifs. 2021 Galerie du G\u00e9nie de la Bastille, Paris 2020 Itin\u00e9raires, Regards d\u2019encre &#8211; Art et Po\u00e9sie, Galerie \u00ab A l\u2019Ecu de France \u00bb, Viroflay et Pavillon du Verdurier, Limoges. &nbsp; Rigueur, ramures, rayonnement : hiver, Galerie Laurence Mauguin, Paris 2019 Itin\u00e9raires, Na\u00eetre D\u00e9na\u00eetre Rena\u00eetre, Paris, Mairie du 13e 2018 Itin\u00e9raires, Pr\u00e9sences, Espace Christiane Peugeot, Paris &nbsp; Ateliers d\u2019artistes, Marseille &nbsp; Manufacture des \u0152illets, Ivry-sur-Seine 2017 Trames et plis, Galerie Laurence Mauguin, Paris 2016 Itin\u00e9raires, Bleue comme une orange, Galerie d\u2019Art contemporain, Auvers-sur-Oise 2015 Itin\u00e9raires, Fibres sensibles, La Cour des Arts, Tulle 2014 Espace Culturel Jean de Joigny, Joigny 2013 Galerie du Cardo, Reims 2012 Itin\u00e9raires, Cit\u00e9 Internationale des Arts, Paris&nbsp; &nbsp; Itin\u00e9raires, Peaux d\u2019\u00e2me, L\u2019Etappenstall &nbsp; R\u00e9alit\u00e9s Nouvelles 2011 R\u00e9alit\u00e9s Nouvelles 2010 R\u00e9alit\u00e9s Nouvelles &nbsp; Itin\u00e9raires, Galerie d\u2019art contemporain d\u2019Auvers-sur-Oise &nbsp; Centre culturel Les Parasols, Rungis 2009 R\u00e9alit\u00e9s Nouvelles &nbsp; Itin\u00e9raires, Paris, Mairie du 9e &nbsp; Itin\u00e9raires, Vestiaire, Espace Art et Libert\u00e9, Charenton-le-Pont 2009 Galerie Le Cube blanc, Paris 2008 Salon d\u2019Arts du Thymerais R\u00e9alit\u00e9s Nouvelles Circuit d\u2019art contemporain, Grizy-les-Pl\u00e2tres 2007 R\u00e9alit\u00e9s Nouvelles 2006 R\u00e9alit\u00e9s Nouvelles<\/p>\n","protected":false},"author":1,"featured_media":0,"parent":0,"menu_order":0,"comment_status":"closed","ping_status":"closed","template":"","meta":[],"_links":{"self":[{"href":"http:\/\/www.clemana.net\/emmanuellefavard\/wp-json\/wp\/v2\/pages\/100"}],"collection":[{"href":"http:\/\/www.clemana.net\/emmanuellefavard\/wp-json\/wp\/v2\/pages"}],"about":[{"href":"http:\/\/www.clemana.net\/emmanuellefavard\/wp-json\/wp\/v2\/types\/page"}],"author":[{"embeddable":true,"href":"http:\/\/www.clemana.net\/emmanuellefavard\/wp-json\/wp\/v2\/users\/1"}],"replies":[{"embeddable":true,"href":"http:\/\/www.clemana.net\/emmanuellefavard\/wp-json\/wp\/v2\/comments?post=100"}],"version-history":[{"count":27,"href":"http:\/\/www.clemana.net\/emmanuellefavard\/wp-json\/wp\/v2\/pages\/100\/revisions"}],"predecessor-version":[{"id":456,"href":"http:\/\/www.clemana.net\/emmanuellefavard\/wp-json\/wp\/v2\/pages\/100\/revisions\/456"}],"wp:attachment":[{"href":"http:\/\/www.clemana.net\/emmanuellefavard\/wp-json\/wp\/v2\/media?parent=100"}],"curies":[{"name":"wp","href":"https:\/\/api.w.org\/{rel}","templated":true}]}}